{"id":676,"date":"2021-01-28T18:31:57","date_gmt":"2021-01-28T17:31:57","guid":{"rendered":"http:\/\/entwicklung21.humanemergence.de\/?page_id=676"},"modified":"2023-03-06T17:02:42","modified_gmt":"2023-03-06T16:02:42","slug":"forming-future-competences","status":"publish","type":"page","link":"https:\/\/humanemergence.de\/en\/work-approaches\/forming-future-competences\/","title":{"rendered":"Building future competences"},"content":{"rendered":"<div class=\"wpb-content-wrapper\"><p>[vc_row][vc_column][vc_column_text]<\/p>\n<h1>Developing and Training Future Competences<\/h1>\n<p>[\/vc_column_text][\/vc_column][\/vc_row][vc_row][vc_column width=&#8221;2\/3&#8243;][vc_column_text]<\/p>\n<p style=\"text-align: center;\"><strong><em>\u201cYou have capacities within you that are phenomenal, if you\u00a0<\/em><em>only knew how to release them.\u201d\u00a0<\/em><em>David Bohm \u00a0<\/em><\/strong><\/p>\n<p>[\/vc_column_text][vc_column_text]T<span id=\"result_box\" lang=\"en\">he formation and transmission of future competences were the focus of the work of the CHE \/\/ D \u00b7 A \u00b7 CH right from the beginning.\u00a0Based on Don Beck\u2019s testimony, \u201cwe do not need new organizations, we need a new way of thinking to solve the current challenges,\u201d it is part of the basic self-understanding of the CHE to provide innovative thinking and action models.\u00a0This is done specifically through training in integral thinking and action, in particular through the provision of courses in<\/span>\u00a0<a href=\"http:\/\/spiraldynamics-integral.de\/ausbildungen\/\" target=\"_blank\" rel=\"noopener noreferrer\">Spiral Dynamics integral<\/a>, Spiritual Intelligence,\u00a0 as well as a training to become a\u00a0<a href=\"http:\/\/socialarchitect.de\/\" target=\"_blank\" rel=\"noopener noreferrer\">Social Architect.<\/a><\/p>\n<p>T<span id=\"result_box\" lang=\"en\">he CHE \/\/ D \u00b7 A \u00b7 CH is an agreed organization of the Spiral Dynamics Group, Inc. for the transmission of Spiral Dynamics integral.\u00a0All SDi trainers were trained by Dr. Don Beck.<\/span>[\/vc_column_text][\/vc_column][vc_column width=&#8221;1\/3&#8243;][vc_single_image image=&#8221;155&#8243; img_size=&#8221;large&#8221;][vc_column_text]<\/p>\n<p style=\"text-align: center;\">Key competences for the future<\/p>\n<p>[\/vc_column_text][\/vc_column][\/vc_row][vc_row][vc_column][vc_empty_space height=&#8221;2em&#8221;][\/vc_column][\/vc_row][vc_row][vc_column width=&#8221;2\/3&#8243;]<div class=\"ult_exp_section_layer ult-adjust-bottom-margin  \" >\n\t\t<div id=\"uvc-exp-wrap-7082\" role=\"button\" tabindex=\"0\" aria-pressed=\"false\"  data-ultimate-target='#uvc-exp-wrap-7082'  data-responsive-json-new='{\"font-size\":\"desktop:15px;\",\"line-height\":\"desktop:20px;\"}'  class=\"ult_exp_section  ult-responsive \" style=\"color:#333333;background-color:#ffffff; font-weight:normal;margin-top:0px;margin-bottom:0px;padding-top:0px;padding-bottom:0px;text-align:left;\" data-textcolor=\"#333333\"data-texthover=\"#00a0b9\"data-icncolor=\"#333333\"data-ihover=\"#00a0b9\"data-height=\"0\"data-cntbg=\"#ffffff\"data-cnthvrbg=\"#ffffff\"data-headerbg=\"#ffffff\"data-headerhover=\"#ffffff\"data-title=\"Educational Innovation: \u201eSocial Architect\u201cas a future competence\"data-newtitle=\"Educational Innovation: \u201eSocial Architect\u201cas a future competence\"data-icon=\"icomoon-the7-font-the7-plus-06\"data-newicon=\"Defaults-minus-square\"data-activeicon=\"#00a0b9\"data-effect=\"slideToggle\"data-override=\"0\"data-activetitle=\"#00a0b9\"data-activebg=\"#ffffff\"data-img=\"\"data-newimg=\"\"><div class=\"ult_exp_section-main ult_expleft_icon\">\t<div class=\"ult-just-icon-wrapper ult_exp_icon\">\n\t\t\t\t\t<div class=\"align-icon \">\n\t\t\t\t\t\t\n<span class=\"aio-icon  none  ult_expsection_icon \"  style=\"color:#333333;font-size:16px;\">\n\t<i class=\"icomoon-the7-font-the7-plus-06 ult_ex_icon\"  ><\/i>\n<\/span>\n\t\t\t\t\t<\/div>\n\t\t\t\t<\/div>\n\t\t\t\t<div class=\"ult_expheader\" >Educational Innovation: \u201eSocial Architect\u201cas a future competence\n\t\t\t\t<\/div>\n\t\t\t<\/div>\n\t\t<\/div><div class=\"ult_exp_content \" style=\"background-color:#ffffff;padding-top:0px;padding-bottom:0px;margin-top:0px;margin-bottom:0px;\"><div class=\"ult_ecpsub_cont\" style=\" \" >[vc_column_text]<\/p>\n<p style=\"text-align: left;\">A\u00a0<span id=\"result_box\" lang=\"en\">unique and novel type of online course was developed to provide an alternative to familiar approaches to coming into action and classic change processes that do not provide solutions against the outdated patterns of polarization and fragmentation.\u00a0Future-oriented, groundbreaking models form the basis of this training and find their way into practice.<\/span><\/p>\n<p style=\"text-align: left;\"><span id=\"result_box\" lang=\"en\">Social Architects:<\/span><\/p>\n<p style=\"text-align: left;\"><span id=\"result_box\" lang=\"en\">\u2013 are pioneers of change and promote evolutionary, innovative solutions in complex challenging situations.<\/span><\/p>\n<p style=\"text-align: left;\"><span id=\"result_box\" lang=\"en\">\u2013 they accompany transformational change processes and accelerate innovative change in all areas of social cohesion.<\/span><\/p>\n<p style=\"text-align: left;\"><span id=\"result_box\" lang=\"en\">\u2013 they have many skills that people in leadership positions need in an increasingly complex world.<\/span><\/p>\n<p style=\"text-align: left;\"><a href=\"http:\/\/socialarchitect.de\/wp-content\/uploads\/SAKennzeichenWP.pdf\" target=\"_blank\" rel=\"noopener noreferrer\">More features of Social Architects (in german)<\/a><\/p>\n<p>[\/vc_column_text]<\/div><\/div>\n\n\t\t\t<\/div>[vc_separator css=&#8221;.vc_custom_1611394546896{margin-bottom: 0.1em !important;padding-top: -1em !important;padding-bottom: -1em !important;}&#8221;][vc_empty_space height=&#8221;2em&#8221;]<div class=\"ult_exp_section_layer ult-adjust-bottom-margin  \" >\n\t\t<div id=\"uvc-exp-wrap-4874\" role=\"button\" tabindex=\"0\" aria-pressed=\"false\"  data-ultimate-target='#uvc-exp-wrap-4874'  data-responsive-json-new='{\"font-size\":\"desktop:15px;\",\"line-height\":\"desktop:20px;\"}'  class=\"ult_exp_section  ult-responsive \" style=\"color:#333333;background-color:#ffffff; font-weight:normal;margin-top:0px;margin-bottom:0px;padding-top:0px;padding-bottom:0px;text-align:left;\" data-textcolor=\"#333333\"data-texthover=\"#00a0b9\"data-icncolor=\"#333333\"data-ihover=\"#00a0b9\"data-height=\"0\"data-cntbg=\"#ffffff\"data-cnthvrbg=\"#ffffff\"data-headerbg=\"#ffffff\"data-headerhover=\"#ffffff\"data-title=\"European Erasmus+ projects\"data-newtitle=\"European Erasmus+ projects\"data-icon=\"icomoon-the7-font-the7-plus-06\"data-newicon=\"Defaults-minus-square\"data-activeicon=\"#00a0b9\"data-effect=\"slideToggle\"data-override=\"0\"data-activetitle=\"#00a0b9\"data-activebg=\"#ffffff\"data-img=\"\"data-newimg=\"\"><div class=\"ult_exp_section-main ult_expleft_icon\">\t<div class=\"ult-just-icon-wrapper ult_exp_icon\">\n\t\t\t\t\t<div class=\"align-icon \">\n\t\t\t\t\t\t\n<span class=\"aio-icon  none  ult_expsection_icon \"  style=\"color:#333333;font-size:16px;\">\n\t<i class=\"icomoon-the7-font-the7-plus-06 ult_ex_icon\"  ><\/i>\n<\/span>\n\t\t\t\t\t<\/div>\n\t\t\t\t<\/div>\n\t\t\t\t<div class=\"ult_expheader\" >European Erasmus+ projects\n\t\t\t\t<\/div>\n\t\t\t<\/div>\n\t\t<\/div><div class=\"ult_exp_content \" style=\"background-color:#ffffff;padding-top:0px;padding-bottom:0px;margin-top:0px;margin-bottom:0px;\"><div class=\"ult_ecpsub_cont\" style=\" \" >[vc_column_text]<b>Co-Creator for the Center for Human Emergence, D.A.CH: Claudine Villemot-Kienzle<\/b><\/p>\n<ul>\n<li>BLAST : <strong>Bl<\/strong>ended <strong>A<\/strong>dult Education for the <strong>S<\/strong>ocio-ecological <strong>T<\/strong>ransition &#8211; Entwicklung einer europ\u00e4ischen Plattform f\u00fcr transformative Bildung zur F\u00f6rderung des sozio-\u00f6kologischen Wandels (EU \u2013 Erasmus 2019 &#8211; 2022) &#8211; <a href=\"https:\/\/humanemergence.de\/wp-content\/uploads\/2021\/12\/Blast-Guide-Transformative-Education.pdf\">Project output<\/a><\/li>\n<li><strong>FIT<\/strong> for Change &#8211; <a href=\"https:\/\/humanemergence.de\/wp-content\/uploads\/2023\/03\/Field-Intelligence-and-Technology-Erasmus-Project.pdf\"><strong>F<\/strong>ield <strong>I<\/strong>ntelligence and <strong>T<\/strong>echnology to uplevel the collective capacity of social change agents: Learning together how to transform a metacrisis into a metamorphosis.<\/a> 2023 &#8211; 2025<\/li>\n<\/ul>\n<p>[\/vc_column_text]<\/div><\/div>\n\n\t\t\t<\/div>[vc_empty_space height=&#8221;2em&#8221;][vc_column_text]<a href=\"http:\/\/humanemergence.de\/en\/fields-of-activity\/\">Back to Menu<\/a>[\/vc_column_text][\/vc_column][vc_column width=&#8221;1\/3&#8243;][\/vc_column][vc_column][\/vc_column][vc_column][\/vc_column][\/vc_row]<\/p>\n<\/div>","protected":false},"excerpt":{"rendered":"<p>[vc_row][vc_column][vc_column_text] Developing and Training Future Competences [\/vc_column_text][\/vc_column][\/vc_row][vc_row][vc_column width=&#8221;2\/3&#8243;][vc_column_text] \u201cYou have capacities within you that are phenomenal, if you\u00a0only knew how to release them.\u201d\u00a0David Bohm \u00a0 [\/vc_column_text][vc_column_text]The formation and transmission of future competences were the focus of the work of the CHE \/\/ D \u00b7 A \u00b7 CH right from the beginning.\u00a0Based on Don Beck\u2019s testimony,&hellip;<\/p>\n","protected":false},"author":1,"featured_media":0,"parent":138,"menu_order":0,"comment_status":"closed","ping_status":"closed","template":"","meta":{"footnotes":""},"class_list":["post-676","page","type-page","status-publish","hentry","description-off"],"yoast_head":"<!-- This site is optimized with the Yoast SEO plugin v27.4 - https:\/\/yoast.com\/product\/yoast-seo-wordpress\/ -->\n<title>Building future competences - Center for Human Emergence<\/title>\n<meta name=\"robots\" content=\"index, follow, max-snippet:-1, max-image-preview:large, max-video-preview:-1\" \/>\n<link rel=\"canonical\" href=\"https:\/\/humanemergence.de\/en\/work-approaches\/forming-future-competences\/\" \/>\n<meta property=\"og:locale\" content=\"en_US\" \/>\n<meta property=\"og:type\" content=\"article\" \/>\n<meta property=\"og:title\" content=\"Building future competences - Center for Human Emergence\" \/>\n<meta property=\"og:description\" content=\"[vc_row][vc_column][vc_column_text] Developing and Training Future Competences [\/vc_column_text][\/vc_column][\/vc_row][vc_row][vc_column width=&#8221;2\/3&#8243;][vc_column_text] \u201cYou have capacities within you that are phenomenal, if you\u00a0only knew how to release them.\u201d\u00a0David Bohm \u00a0 [\/vc_column_text][vc_column_text]The formation and transmission of future competences were the focus of the work of the CHE \/\/ D \u00b7 A \u00b7 CH right from the beginning.\u00a0Based on Don Beck\u2019s testimony,&hellip;\" \/>\n<meta property=\"og:url\" content=\"https:\/\/humanemergence.de\/en\/work-approaches\/forming-future-competences\/\" \/>\n<meta property=\"og:site_name\" content=\"Center for Human Emergence\" \/>\n<meta property=\"article:modified_time\" content=\"2023-03-06T16:02:42+00:00\" \/>\n<meta name=\"twitter:card\" content=\"summary_large_image\" \/>\n<meta name=\"twitter:label1\" content=\"Est. reading time\" \/>\n\t<meta name=\"twitter:data1\" content=\"3 minutes\" \/>\n<script type=\"application\/ld+json\" class=\"yoast-schema-graph\">{\"@context\":\"https:\\\/\\\/schema.org\",\"@graph\":[{\"@type\":\"WebPage\",\"@id\":\"https:\\\/\\\/humanemergence.de\\\/en\\\/work-approaches\\\/forming-future-competences\\\/\",\"url\":\"https:\\\/\\\/humanemergence.de\\\/en\\\/work-approaches\\\/forming-future-competences\\\/\",\"name\":\"Building future competences - Center for Human Emergence\",\"isPartOf\":{\"@id\":\"https:\\\/\\\/humanemergence.de\\\/#website\"},\"datePublished\":\"2021-01-28T17:31:57+00:00\",\"dateModified\":\"2023-03-06T16:02:42+00:00\",\"breadcrumb\":{\"@id\":\"https:\\\/\\\/humanemergence.de\\\/en\\\/work-approaches\\\/forming-future-competences\\\/#breadcrumb\"},\"inLanguage\":\"en-US\",\"potentialAction\":[{\"@type\":\"ReadAction\",\"target\":[\"https:\\\/\\\/humanemergence.de\\\/en\\\/work-approaches\\\/forming-future-competences\\\/\"]}]},{\"@type\":\"BreadcrumbList\",\"@id\":\"https:\\\/\\\/humanemergence.de\\\/en\\\/work-approaches\\\/forming-future-competences\\\/#breadcrumb\",\"itemListElement\":[{\"@type\":\"ListItem\",\"position\":1,\"name\":\"Startseite\",\"item\":\"https:\\\/\\\/humanemergence.de\\\/en\\\/\"},{\"@type\":\"ListItem\",\"position\":2,\"name\":\"Work Approaches\",\"item\":\"https:\\\/\\\/humanemergence.de\\\/en\\\/work-approaches\\\/\"},{\"@type\":\"ListItem\",\"position\":3,\"name\":\"Building future competences\"}]},{\"@type\":\"WebSite\",\"@id\":\"https:\\\/\\\/humanemergence.de\\\/#website\",\"url\":\"https:\\\/\\\/humanemergence.de\\\/\",\"name\":\"Center for Human Emergence\",\"description\":\"Zukunft evolution\u00e4r gestalten\",\"potentialAction\":[{\"@type\":\"SearchAction\",\"target\":{\"@type\":\"EntryPoint\",\"urlTemplate\":\"https:\\\/\\\/humanemergence.de\\\/?s={search_term_string}\"},\"query-input\":{\"@type\":\"PropertyValueSpecification\",\"valueRequired\":true,\"valueName\":\"search_term_string\"}}],\"inLanguage\":\"en-US\"}]}<\/script>\n<!-- \/ Yoast SEO plugin. -->","yoast_head_json":{"title":"Building future competences - Center for Human Emergence","robots":{"index":"index","follow":"follow","max-snippet":"max-snippet:-1","max-image-preview":"max-image-preview:large","max-video-preview":"max-video-preview:-1"},"canonical":"https:\/\/humanemergence.de\/en\/work-approaches\/forming-future-competences\/","og_locale":"en_US","og_type":"article","og_title":"Building future competences - Center for Human Emergence","og_description":"[vc_row][vc_column][vc_column_text] Developing and Training Future Competences [\/vc_column_text][\/vc_column][\/vc_row][vc_row][vc_column width=&#8221;2\/3&#8243;][vc_column_text] \u201cYou have capacities within you that are phenomenal, if you\u00a0only knew how to release them.\u201d\u00a0David Bohm \u00a0 [\/vc_column_text][vc_column_text]The formation and transmission of future competences were the focus of the work of the CHE \/\/ D \u00b7 A \u00b7 CH right from the beginning.\u00a0Based on Don Beck\u2019s testimony,&hellip;","og_url":"https:\/\/humanemergence.de\/en\/work-approaches\/forming-future-competences\/","og_site_name":"Center for Human Emergence","article_modified_time":"2023-03-06T16:02:42+00:00","twitter_card":"summary_large_image","twitter_misc":{"Est. reading time":"3 minutes"},"schema":{"@context":"https:\/\/schema.org","@graph":[{"@type":"WebPage","@id":"https:\/\/humanemergence.de\/en\/work-approaches\/forming-future-competences\/","url":"https:\/\/humanemergence.de\/en\/work-approaches\/forming-future-competences\/","name":"Building future competences - Center for Human Emergence","isPartOf":{"@id":"https:\/\/humanemergence.de\/#website"},"datePublished":"2021-01-28T17:31:57+00:00","dateModified":"2023-03-06T16:02:42+00:00","breadcrumb":{"@id":"https:\/\/humanemergence.de\/en\/work-approaches\/forming-future-competences\/#breadcrumb"},"inLanguage":"en-US","potentialAction":[{"@type":"ReadAction","target":["https:\/\/humanemergence.de\/en\/work-approaches\/forming-future-competences\/"]}]},{"@type":"BreadcrumbList","@id":"https:\/\/humanemergence.de\/en\/work-approaches\/forming-future-competences\/#breadcrumb","itemListElement":[{"@type":"ListItem","position":1,"name":"Startseite","item":"https:\/\/humanemergence.de\/en\/"},{"@type":"ListItem","position":2,"name":"Work Approaches","item":"https:\/\/humanemergence.de\/en\/work-approaches\/"},{"@type":"ListItem","position":3,"name":"Building future competences"}]},{"@type":"WebSite","@id":"https:\/\/humanemergence.de\/#website","url":"https:\/\/humanemergence.de\/","name":"Center for Human Emergence","description":"Zukunft evolution\u00e4r gestalten","potentialAction":[{"@type":"SearchAction","target":{"@type":"EntryPoint","urlTemplate":"https:\/\/humanemergence.de\/?s={search_term_string}"},"query-input":{"@type":"PropertyValueSpecification","valueRequired":true,"valueName":"search_term_string"}}],"inLanguage":"en-US"}]}},"_links":{"self":[{"href":"https:\/\/humanemergence.de\/en\/wp-json\/wp\/v2\/pages\/676","targetHints":{"allow":["GET"]}}],"collection":[{"href":"https:\/\/humanemergence.de\/en\/wp-json\/wp\/v2\/pages"}],"about":[{"href":"https:\/\/humanemergence.de\/en\/wp-json\/wp\/v2\/types\/page"}],"author":[{"embeddable":true,"href":"https:\/\/humanemergence.de\/en\/wp-json\/wp\/v2\/users\/1"}],"replies":[{"embeddable":true,"href":"https:\/\/humanemergence.de\/en\/wp-json\/wp\/v2\/comments?post=676"}],"version-history":[{"count":11,"href":"https:\/\/humanemergence.de\/en\/wp-json\/wp\/v2\/pages\/676\/revisions"}],"predecessor-version":[{"id":1249,"href":"https:\/\/humanemergence.de\/en\/wp-json\/wp\/v2\/pages\/676\/revisions\/1249"}],"up":[{"embeddable":true,"href":"https:\/\/humanemergence.de\/en\/wp-json\/wp\/v2\/pages\/138"}],"wp:attachment":[{"href":"https:\/\/humanemergence.de\/en\/wp-json\/wp\/v2\/media?parent=676"}],"curies":[{"name":"wp","href":"https:\/\/api.w.org\/{rel}","templated":true}]}}