{"id":893,"date":"2021-02-02T20:17:02","date_gmt":"2021-02-02T19:17:02","guid":{"rendered":"http:\/\/entwicklung21.humanemergence.de\/?page_id=893"},"modified":"2021-02-02T20:30:40","modified_gmt":"2021-02-02T19:30:40","slug":"partners-co-creators","status":"publish","type":"page","link":"https:\/\/humanemergence.de\/en\/che-d%c2%b7a%c2%b7ch\/partners-co-creators\/","title":{"rendered":"Partners\/Co-Creators"},"content":{"rendered":"<div class=\"wpb-content-wrapper\"><p>[vc_row][vc_column][vc_column_text]<\/p>\n<h1 data-fontsize=\"18\" data-lineheight=\"48\">Partners\/Co-Creators<\/h1>\n<p>The roots of the Center for Human Emergence are anchored in global interactions and sharing. \u00a0Integral thinking and acting link the manifold approaches and cultural backgrounds. This has been happening in\u00a0<a href=\"http:\/\/www.humanemergence.org\/\" target=\"_blank\" rel=\"noopener\">CHE GLOBAL<\/a>\u00a0for more than 30 years on an international level.<\/p>\n<p>Some of our significant partners:[\/vc_column_text][\/vc_column][\/vc_row][vc_row][vc_column width=&#8221;1\/3&#8243;][vc_single_image image=&#8221;346&#8243; img_size=&#8221;large&#8221; onclick=&#8221;custom_link&#8221; img_link_target=&#8221;_blank&#8221; css_animation=&#8221;none&#8221; link=&#8221;https:\/\/www.zukunftskompetenzen.at\/&#8221;][vc_column_text]Institut f\u00fcr Zukunftskompetenzen, \u00d6sterreich[\/vc_column_text][\/vc_column][vc_column width=&#8221;1\/3&#8243;][vc_single_image image=&#8221;348&#8243; img_size=&#8221;large&#8221; onclick=&#8221;custom_link&#8221; img_link_target=&#8221;_blank&#8221; css_animation=&#8221;none&#8221; link=&#8221;https:\/\/www.tagederzukunft.at\/&#8221;][vc_column_text]Tage der Zukunft, \u00d6sterreich[\/vc_column_text][\/vc_column][vc_column width=&#8221;1\/3&#8243;][vc_single_image image=&#8221;350&#8243; img_size=&#8221;large&#8221; onclick=&#8221;custom_link&#8221; img_link_target=&#8221;_blank&#8221; css_animation=&#8221;none&#8221; link=&#8221;http:\/\/culturecom-larevue.com\/&#8221;][vc_column_text]Internationales Institut f\u00fcr \u00d6kosysteme Innovation Universit\u00e4t Lille,\u00a0Frankreich<br \/>\n<em><a href=\"http:\/\/humanemergence.de\/audio-visuelle-beitraege\/\" target=\"_blank\" rel=\"noopener noreferrer\">Interview mit Michel Saloff-Coste<\/a><\/em>[\/vc_column_text][\/vc_column][\/vc_row][vc_row][vc_column width=&#8221;1\/3&#8243;][vc_single_image image=&#8221;352&#8243; img_size=&#8221;large&#8221; onclick=&#8221;custom_link&#8221; img_link_target=&#8221;_blank&#8221; css_animation=&#8221;none&#8221; link=&#8221;http:\/\/www.humanemergence.nl\/en\/&#8221;][vc_column_text]Center for Human Emergence NL, Niederlande[\/vc_column_text][\/vc_column][vc_column width=&#8221;1\/3&#8243;][vc_single_image image=&#8221;354&#8243; img_size=&#8221;large&#8221; onclick=&#8221;custom_link&#8221; img_link_target=&#8221;_blank&#8221; css_animation=&#8221;none&#8221; link=&#8221;https:\/\/www.evolve-magazin.de\/&#8221;][vc_column_text]evolve,\u00a0Deutschland<br \/>\n<a href=\"http:\/\/humanemergence.de\/audio-visuelle-beitraege\/\" target=\"_blank\" rel=\"noopener noreferrer\">Radiointerviews<\/a>[\/vc_column_text][\/vc_column][vc_column width=&#8221;1\/3&#8243;][vc_single_image image=&#8221;356&#8243; img_size=&#8221;large&#8221; onclick=&#8221;custom_link&#8221; img_link_target=&#8221;_blank&#8221; css_animation=&#8221;none&#8221; link=&#8221;http:\/\/designmeaplanet.blogspot.com\/&#8221;][vc_column_text]Design me a Planet und die\u00a0<a href=\"http:\/\/www.tagederzukunft.at\/awards\/\" target=\"_blank\" rel=\"noopener noreferrer\">Planetary Awards<\/a><br \/>\n<a href=\"http:\/\/humanemergence.de\/audio-visuelle-beitraege\/\" target=\"_blank\" rel=\"noopener noreferrer\">Pr\u00e4sentation\u201c Common Good\u00a0through the lens of Spiral Dynamics\u201c<\/a>[\/vc_column_text][\/vc_column][\/vc_row][vc_row][vc_column width=&#8221;1\/3&#8243;][vc_single_image image=&#8221;360&#8243; img_size=&#8221;large&#8221; onclick=&#8221;custom_link&#8221; img_link_target=&#8221;_blank&#8221; link=&#8221;https:\/\/ecologyofdesigninhumansystems.com\/&#8221;][vc_column_text]Ecology of Design in Human Systems, Kanada[\/vc_column_text][\/vc_column][vc_column width=&#8221;1\/3&#8243;][vc_single_image image=&#8221;362&#8243; img_size=&#8221;large&#8221; onclick=&#8221;custom_link&#8221; img_link_target=&#8221;_blank&#8221; link=&#8221;https:\/\/www.ecolise.eu\/\/?s=Blended+Adult+learning+for+socio-ecological+transition&amp;submit=&#8221;][vc_column_text]A common project of many european countries dedicated to blended adult learning for the socio-ecological transition.[\/vc_column_text][\/vc_column][vc_column width=&#8221;1\/3&#8243;][vc_single_image image=&#8221;364&#8243; img_size=&#8221;large&#8221; onclick=&#8221;custom_link&#8221; img_link_target=&#8221;_blank&#8221; link=&#8221;https:\/\/socialarchitect.de\/?page_id=992&#8243;][vc_column_text]Social Architects Community of Practicing, Deutschland, \u00d6sterreich, Belgien, USA<br \/>\n<a href=\"http:\/\/socialarchitect.de\/\" target=\"_blank\" rel=\"noopener noreferrer\">CHE-Ausbildung Social Architect<\/a>[\/vc_column_text][\/vc_column][\/vc_row][vc_section][vc_row][vc_column][vc_single_image image=&#8221;366&#8243; img_size=&#8221;medium&#8221; onclick=&#8221;custom_link&#8221; img_link_target=&#8221;_blank&#8221; link=&#8221;https:\/\/www.integralesforum.org\/&#8221;][\/vc_column][\/vc_row][\/vc_section][vc_row][vc_column width=&#8221;2\/3&#8243;][vc_column_text]<\/p>\n<h1 data-fontsize=\"18\" data-lineheight=\"48\">Our appreciation for our mentors and co-creators.<\/h1>\n<ul>\n<li>Don E. Beck<\/li>\n<li>Dorothea Zimmer, Co-Founder CHE \/\/ D\u00b7A\u00b7CH<\/li>\n<li>CHE Nethelands<\/li>\n<\/ul>\n<p>[\/vc_column_text][\/vc_column][vc_column width=&#8221;1\/3&#8243;][vc_single_image image=&#8221;368&#8243; img_size=&#8221;large&#8221;][\/vc_column][\/vc_row]<\/p>\n<\/div>","protected":false},"excerpt":{"rendered":"<p>[vc_row][vc_column][vc_column_text] Partners\/Co-Creators The roots of the Center for Human Emergence are anchored in global interactions and sharing. \u00a0Integral thinking and acting link the manifold approaches and cultural backgrounds. This has been happening in\u00a0CHE GLOBAL\u00a0for more than 30 years on an international level. Some of our significant partners:[\/vc_column_text][\/vc_column][\/vc_row][vc_row][vc_column width=&#8221;1\/3&#8243;][vc_single_image image=&#8221;346&#8243; img_size=&#8221;large&#8221; onclick=&#8221;custom_link&#8221; img_link_target=&#8221;_blank&#8221; css_animation=&#8221;none&#8221; link=&#8221;https:\/\/www.zukunftskompetenzen.at\/&#8221;][vc_column_text]Institut f\u00fcr&hellip;<\/p>\n","protected":false},"author":2,"featured_media":0,"parent":753,"menu_order":0,"comment_status":"closed","ping_status":"closed","template":"","meta":{"footnotes":""},"class_list":["post-893","page","type-page","status-publish","hentry","description-off"],"yoast_head":"<!-- This site is optimized with the Yoast SEO plugin v27.5 - https:\/\/yoast.com\/product\/yoast-seo-wordpress\/ -->\n<title>Partners\/Co-Creators - Center for Human Emergence<\/title>\n<meta name=\"robots\" content=\"index, follow, max-snippet:-1, max-image-preview:large, max-video-preview:-1\" \/>\n<link rel=\"canonical\" href=\"https:\/\/humanemergence.de\/en\/che-d\u00b7a\u00b7ch\/partners-co-creators\/\" \/>\n<meta property=\"og:locale\" content=\"en_US\" \/>\n<meta property=\"og:type\" content=\"article\" \/>\n<meta property=\"og:title\" content=\"Partners\/Co-Creators - Center for Human Emergence\" \/>\n<meta property=\"og:description\" content=\"[vc_row][vc_column][vc_column_text] Partners\/Co-Creators The roots of the Center for Human Emergence are anchored in global interactions and sharing. \u00a0Integral thinking and acting link the manifold approaches and cultural backgrounds. This has been happening in\u00a0CHE GLOBAL\u00a0for more than 30 years on an international level. Some of our significant partners:[\/vc_column_text][\/vc_column][\/vc_row][vc_row][vc_column width=&#8221;1\/3&#8243;][vc_single_image image=&#8221;346&#8243; img_size=&#8221;large&#8221; onclick=&#8221;custom_link&#8221; img_link_target=&#8221;_blank&#8221; css_animation=&#8221;none&#8221; link=&#8221;https:\/\/www.zukunftskompetenzen.at\/&#8221;][vc_column_text]Institut f\u00fcr&hellip;\" \/>\n<meta property=\"og:url\" content=\"https:\/\/humanemergence.de\/en\/che-d\u00b7a\u00b7ch\/partners-co-creators\/\" \/>\n<meta property=\"og:site_name\" content=\"Center for Human Emergence\" \/>\n<meta property=\"article:modified_time\" content=\"2021-02-02T19:30:40+00:00\" \/>\n<meta name=\"twitter:card\" content=\"summary_large_image\" \/>\n<meta name=\"twitter:label1\" content=\"Est. reading time\" \/>\n\t<meta name=\"twitter:data1\" content=\"2 minutes\" \/>\n<script type=\"application\/ld+json\" class=\"yoast-schema-graph\">{\"@context\":\"https:\\\/\\\/schema.org\",\"@graph\":[{\"@type\":\"WebPage\",\"@id\":\"https:\\\/\\\/humanemergence.de\\\/en\\\/che-d%c2%b7a%c2%b7ch\\\/partners-co-creators\\\/\",\"url\":\"https:\\\/\\\/humanemergence.de\\\/en\\\/che-d%c2%b7a%c2%b7ch\\\/partners-co-creators\\\/\",\"name\":\"Partners\\\/Co-Creators - Center for Human Emergence\",\"isPartOf\":{\"@id\":\"https:\\\/\\\/humanemergence.de\\\/#website\"},\"datePublished\":\"2021-02-02T19:17:02+00:00\",\"dateModified\":\"2021-02-02T19:30:40+00:00\",\"breadcrumb\":{\"@id\":\"https:\\\/\\\/humanemergence.de\\\/en\\\/che-d%c2%b7a%c2%b7ch\\\/partners-co-creators\\\/#breadcrumb\"},\"inLanguage\":\"en-US\",\"potentialAction\":[{\"@type\":\"ReadAction\",\"target\":[\"https:\\\/\\\/humanemergence.de\\\/en\\\/che-d%c2%b7a%c2%b7ch\\\/partners-co-creators\\\/\"]}]},{\"@type\":\"BreadcrumbList\",\"@id\":\"https:\\\/\\\/humanemergence.de\\\/en\\\/che-d%c2%b7a%c2%b7ch\\\/partners-co-creators\\\/#breadcrumb\",\"itemListElement\":[{\"@type\":\"ListItem\",\"position\":1,\"name\":\"Startseite\",\"item\":\"https:\\\/\\\/humanemergence.de\\\/en\\\/\"},{\"@type\":\"ListItem\",\"position\":2,\"name\":\"CHE \\\/\\\/ D\u00b7A\u00b7CH .\",\"item\":\"https:\\\/\\\/humanemergence.de\\\/en\\\/che-d%c2%b7a%c2%b7ch\\\/\"},{\"@type\":\"ListItem\",\"position\":3,\"name\":\"Partners\\\/Co-Creators\"}]},{\"@type\":\"WebSite\",\"@id\":\"https:\\\/\\\/humanemergence.de\\\/#website\",\"url\":\"https:\\\/\\\/humanemergence.de\\\/\",\"name\":\"Center for Human Emergence\",\"description\":\"Zukunft evolution\u00e4r gestalten\",\"potentialAction\":[{\"@type\":\"SearchAction\",\"target\":{\"@type\":\"EntryPoint\",\"urlTemplate\":\"https:\\\/\\\/humanemergence.de\\\/?s={search_term_string}\"},\"query-input\":{\"@type\":\"PropertyValueSpecification\",\"valueRequired\":true,\"valueName\":\"search_term_string\"}}],\"inLanguage\":\"en-US\"}]}<\/script>\n<!-- \/ Yoast SEO plugin. -->","yoast_head_json":{"title":"Partners\/Co-Creators - Center for Human Emergence","robots":{"index":"index","follow":"follow","max-snippet":"max-snippet:-1","max-image-preview":"max-image-preview:large","max-video-preview":"max-video-preview:-1"},"canonical":"https:\/\/humanemergence.de\/en\/che-d\u00b7a\u00b7ch\/partners-co-creators\/","og_locale":"en_US","og_type":"article","og_title":"Partners\/Co-Creators - Center for Human Emergence","og_description":"[vc_row][vc_column][vc_column_text] Partners\/Co-Creators The roots of the Center for Human Emergence are anchored in global interactions and sharing. \u00a0Integral thinking and acting link the manifold approaches and cultural backgrounds. This has been happening in\u00a0CHE GLOBAL\u00a0for more than 30 years on an international level. Some of our significant partners:[\/vc_column_text][\/vc_column][\/vc_row][vc_row][vc_column width=&#8221;1\/3&#8243;][vc_single_image image=&#8221;346&#8243; img_size=&#8221;large&#8221; onclick=&#8221;custom_link&#8221; img_link_target=&#8221;_blank&#8221; css_animation=&#8221;none&#8221; link=&#8221;https:\/\/www.zukunftskompetenzen.at\/&#8221;][vc_column_text]Institut f\u00fcr&hellip;","og_url":"https:\/\/humanemergence.de\/en\/che-d\u00b7a\u00b7ch\/partners-co-creators\/","og_site_name":"Center for Human Emergence","article_modified_time":"2021-02-02T19:30:40+00:00","twitter_card":"summary_large_image","twitter_misc":{"Est. reading time":"2 minutes"},"schema":{"@context":"https:\/\/schema.org","@graph":[{"@type":"WebPage","@id":"https:\/\/humanemergence.de\/en\/che-d%c2%b7a%c2%b7ch\/partners-co-creators\/","url":"https:\/\/humanemergence.de\/en\/che-d%c2%b7a%c2%b7ch\/partners-co-creators\/","name":"Partners\/Co-Creators - Center for Human Emergence","isPartOf":{"@id":"https:\/\/humanemergence.de\/#website"},"datePublished":"2021-02-02T19:17:02+00:00","dateModified":"2021-02-02T19:30:40+00:00","breadcrumb":{"@id":"https:\/\/humanemergence.de\/en\/che-d%c2%b7a%c2%b7ch\/partners-co-creators\/#breadcrumb"},"inLanguage":"en-US","potentialAction":[{"@type":"ReadAction","target":["https:\/\/humanemergence.de\/en\/che-d%c2%b7a%c2%b7ch\/partners-co-creators\/"]}]},{"@type":"BreadcrumbList","@id":"https:\/\/humanemergence.de\/en\/che-d%c2%b7a%c2%b7ch\/partners-co-creators\/#breadcrumb","itemListElement":[{"@type":"ListItem","position":1,"name":"Startseite","item":"https:\/\/humanemergence.de\/en\/"},{"@type":"ListItem","position":2,"name":"CHE \/\/ D\u00b7A\u00b7CH .","item":"https:\/\/humanemergence.de\/en\/che-d%c2%b7a%c2%b7ch\/"},{"@type":"ListItem","position":3,"name":"Partners\/Co-Creators"}]},{"@type":"WebSite","@id":"https:\/\/humanemergence.de\/#website","url":"https:\/\/humanemergence.de\/","name":"Center for Human Emergence","description":"Zukunft evolution\u00e4r gestalten","potentialAction":[{"@type":"SearchAction","target":{"@type":"EntryPoint","urlTemplate":"https:\/\/humanemergence.de\/?s={search_term_string}"},"query-input":{"@type":"PropertyValueSpecification","valueRequired":true,"valueName":"search_term_string"}}],"inLanguage":"en-US"}]}},"_links":{"self":[{"href":"https:\/\/humanemergence.de\/en\/wp-json\/wp\/v2\/pages\/893","targetHints":{"allow":["GET"]}}],"collection":[{"href":"https:\/\/humanemergence.de\/en\/wp-json\/wp\/v2\/pages"}],"about":[{"href":"https:\/\/humanemergence.de\/en\/wp-json\/wp\/v2\/types\/page"}],"author":[{"embeddable":true,"href":"https:\/\/humanemergence.de\/en\/wp-json\/wp\/v2\/users\/2"}],"replies":[{"embeddable":true,"href":"https:\/\/humanemergence.de\/en\/wp-json\/wp\/v2\/comments?post=893"}],"version-history":[{"count":4,"href":"https:\/\/humanemergence.de\/en\/wp-json\/wp\/v2\/pages\/893\/revisions"}],"predecessor-version":[{"id":897,"href":"https:\/\/humanemergence.de\/en\/wp-json\/wp\/v2\/pages\/893\/revisions\/897"}],"up":[{"embeddable":true,"href":"https:\/\/humanemergence.de\/en\/wp-json\/wp\/v2\/pages\/753"}],"wp:attachment":[{"href":"https:\/\/humanemergence.de\/en\/wp-json\/wp\/v2\/media?parent=893"}],"curies":[{"name":"wp","href":"https:\/\/api.w.org\/{rel}","templated":true}]}}